{"id":13,"date":"2018-01-18T12:23:32","date_gmt":"2018-01-18T12:23:32","guid":{"rendered":"http:\/\/ruf-metallbau.de\/?page_id=13"},"modified":"2018-12-18T14:44:30","modified_gmt":"2018-12-18T13:44:30","slug":"startseite","status":"publish","type":"page","link":"https:\/\/ruf-metallbau.de\/","title":{"rendered":"Startseite"},"content":{"rendered":"<h3><span class=\"arialbold\"><span class=\"arial11 bold\">Aufmessen &#8211; Zeichnen &#8211;&nbsp;<\/span><\/span><span class=\"arialbold\"><span class=\"arial11 bold\">Planen &#8211; <\/span><\/span><span class=\"arialbold\"><span class=\"arial11 bold\">Konstruieren &#8211; Drehen &#8211; Fr\u00e4sen &#8211; Schwei\u00dfen &#8211; Schrauben &#8211; Montieren.<\/span><\/span><\/h3>\n<p><strong><span class=\"arialbold\"><span class=\"arial11 bold\">Mit uns k\u00f6nnen Sie kleine und gro\u00dfe Pl\u00e4ne schmieden.<\/span><\/span><\/strong><\/p>\n<p><span class=\"arial11\">Vom Tor einer Luxusvilla \u00fcber Gel\u00e4nder hin zu Treppen, Balkonen oder Vord\u00e4chern.<\/span><\/p>\n<p><span class=\"arial11\">In Taiting sind Sie damit immer an der richtigen Adresse.<\/span><\/p>\n<p><span><strong><span class=\"arialbold\"><span class=\"arial11 bold\">Vom Bildschirm auf den Balkon.<\/span><\/span><\/strong><\/span><\/p>\n<p><span class=\"arial11\">Wir \u00fcberlassen es gerne Ihnen, wie weit unser Einsatz f\u00fcr Sie gehen darf. Sie bestimmen, ob wir via CAD f\u00fcr Sie planen und konstruieren, oder ganz exakt realisieren, was Sie schon vorbereitet haben.<\/span><\/p>\n<p><span><strong><span class=\"arialbold\"><span class=\"arial11 bold\">Qualit\u00e4t auf allen Stufen.<\/span><\/span><\/strong><\/span><\/p>\n<p><span class=\"arial11\">Treppen- und Balkongel\u00e4nder verlangen nach perfekter Passform. Sie stehen jahrzehntelang im Einsatz, von Wind und Wetter hart gepr\u00fcft.<\/span><\/p>\n<p><span><strong><span class=\"arialbold\"><span class=\"arial11 bold\">Perfekt \u00fcberdacht.<\/span><\/span><\/strong><\/span><\/p>\n<p><span class=\"arial11\">Bei uns bringen Sie Ihre Ideen immer unter Dach. Vord\u00e4cher geh\u00f6ren seit vielen Jahren zu unserem Angebot.<\/span><\/p>\n","protected":false},"excerpt":{"rendered":"<p>Aufmessen &#8211; Zeichnen &#8211;&nbsp;Planen &#8211; Konstruieren &#8211; Drehen &#8211; Fr\u00e4sen &#8211; Schwei\u00dfen &#8211; Schrauben &#8211; Montieren. Mit uns k\u00f6nnen Sie kleine und gro\u00dfe Pl\u00e4ne schmieden. Vom Tor einer Luxusvilla \u00fcber Gel\u00e4nder hin zu Treppen, Balkonen oder Vord\u00e4chern. In Taiting sind<\/p>\n","protected":false},"author":1,"featured_media":0,"parent":0,"menu_order":0,"comment_status":"closed","ping_status":"closed","template":"","meta":{"footnotes":""},"class_list":["post-13","page","type-page","status-publish","hentry"],"_links":{"self":[{"href":"https:\/\/ruf-metallbau.de\/index.php?rest_route=\/wp\/v2\/pages\/13","targetHints":{"allow":["GET"]}}],"collection":[{"href":"https:\/\/ruf-metallbau.de\/index.php?rest_route=\/wp\/v2\/pages"}],"about":[{"href":"https:\/\/ruf-metallbau.de\/index.php?rest_route=\/wp\/v2\/types\/page"}],"author":[{"embeddable":true,"href":"https:\/\/ruf-metallbau.de\/index.php?rest_route=\/wp\/v2\/users\/1"}],"replies":[{"embeddable":true,"href":"https:\/\/ruf-metallbau.de\/index.php?rest_route=%2Fwp%2Fv2%2Fcomments&post=13"}],"version-history":[{"count":14,"href":"https:\/\/ruf-metallbau.de\/index.php?rest_route=\/wp\/v2\/pages\/13\/revisions"}],"predecessor-version":[{"id":282,"href":"https:\/\/ruf-metallbau.de\/index.php?rest_route=\/wp\/v2\/pages\/13\/revisions\/282"}],"wp:attachment":[{"href":"https:\/\/ruf-metallbau.de\/index.php?rest_route=%2Fwp%2Fv2%2Fmedia&parent=13"}],"curies":[{"name":"wp","href":"https:\/\/api.w.org\/{rel}","templated":true}]}}